{"id":990,"date":"2026-02-01T14:41:01","date_gmt":"2026-02-01T13:41:01","guid":{"rendered":"http:\/\/hitrecords.digesthub.com\/proizvod\/djecji-festival-zeko-i-potocic-osijek-2010\/"},"modified":"2026-02-01T14:41:01","modified_gmt":"2026-02-01T13:41:01","slug":"djecji-festival-zeko-i-potocic-osijek-2010","status":"publish","type":"product","link":"https:\/\/webshop.hitrecords.hr\/?product=djecji-festival-zeko-i-potocic-osijek-2010","title":{"rendered":"DJE\u010cJI FESTIVAL ZEKO I POTO\u010cI\u0106, OSIJEK 2010."},"content":{"rendered":"<p>Popis pjesama:<br \/>\n1.\tZeko i poto\u010di\u0107 &#8211; Antonija \u0160ola<br \/>\n2.\tMoja Nora &#8211; Marija Mihaljevi\u0107<br \/>\n3.\tKoka ili jaje &#8211; Dobra djeca<br \/>\n4.\tPrva simpatija &#8211; Papandopuline<br \/>\n5.\tProljetna pjesma &#8211; Halubaj\u010di\u0107i<br \/>\n6.\t\u0160to je ljepota &#8211; Mozartine<br \/>\n7.\tBaba roga &#8211; Tri\u0161njice<br \/>\n8.\tMati Slavonija &#8211; Marta Juzba\u0161i\u0107<br \/>\n9.\tAnina pri\u010da &#8211; Mia Reba i Mia \u0160timac<br \/>\n10.\tZemlja snova &#8211; Paula Lubina-Juki\u0107<br \/>\n11.\tJedva \u010dekam praznike &#8211; Hrvoje Nikoli\u0107<br \/>\n12.\tPustite me svi &#8211; Nera Mami\u0107 i Stjepan Jaman<br \/>\n13.\tJa sam se zaljubila &#8211; Dea Predrijevac<br \/>\n14.\tOp \u017eice tamburice &#8211; Male druge<\/p>\n","protected":false},"excerpt":{"rendered":"<p>Popis pjesama: 1. Zeko i poto\u010di\u0107 &#8211; Antonija \u0160ola 2. Moja Nora &#8211; Marija Mihaljevi\u0107 3. Koka ili jaje &#8211; Dobra djeca 4. Prva simpatija &#8211; Papandopuline 5. Proljetna pjesma &#8211; Halubaj\u010di\u0107i 6. \u0160to je ljepota &#8211; Mozartine 7. Baba roga &#8211; Tri\u0161njice 8. Mati Slavonija &#8211; Marta Juzba\u0161i\u0107 9. Anina pri\u010da &#8211; Mia Reba [&hellip;]<\/p>\n","protected":false},"featured_media":991,"comment_status":"open","ping_status":"closed","template":"","meta":[],"product_brand":[],"product_cat":[31],"product_tag":[],"class_list":{"0":"post-990","1":"product","2":"type-product","3":"status-publish","4":"has-post-thumbnail","6":"product_cat-cd","8":"first","9":"instock","10":"shipping-taxable","11":"purchasable","12":"product-type-simple"},"_links":{"self":[{"href":"https:\/\/webshop.hitrecords.hr\/index.php?rest_route=\/wp\/v2\/product\/990","targetHints":{"allow":["GET"]}}],"collection":[{"href":"https:\/\/webshop.hitrecords.hr\/index.php?rest_route=\/wp\/v2\/product"}],"about":[{"href":"https:\/\/webshop.hitrecords.hr\/index.php?rest_route=\/wp\/v2\/types\/product"}],"replies":[{"embeddable":true,"href":"https:\/\/webshop.hitrecords.hr\/index.php?rest_route=%2Fwp%2Fv2%2Fcomments&post=990"}],"wp:featuredmedia":[{"embeddable":true,"href":"https:\/\/webshop.hitrecords.hr\/index.php?rest_route=\/wp\/v2\/media\/991"}],"wp:attachment":[{"href":"https:\/\/webshop.hitrecords.hr\/index.php?rest_route=%2Fwp%2Fv2%2Fmedia&parent=990"}],"wp:term":[{"taxonomy":"product_brand","embeddable":true,"href":"https:\/\/webshop.hitrecords.hr\/index.php?rest_route=%2Fwp%2Fv2%2Fproduct_brand&post=990"},{"taxonomy":"product_cat","embeddable":true,"href":"https:\/\/webshop.hitrecords.hr\/index.php?rest_route=%2Fwp%2Fv2%2Fproduct_cat&post=990"},{"taxonomy":"product_tag","embeddable":true,"href":"https:\/\/webshop.hitrecords.hr\/index.php?rest_route=%2Fwp%2Fv2%2Fproduct_tag&post=990"}],"curies":[{"name":"wp","href":"https:\/\/api.w.org\/{rel}","templated":true}]}}