{"id":992,"date":"2026-02-01T14:41:01","date_gmt":"2026-02-01T13:41:01","guid":{"rendered":"http:\/\/hitrecords.digesthub.com\/proizvod\/porin-2010\/"},"modified":"2026-02-01T14:41:01","modified_gmt":"2026-02-01T13:41:01","slug":"porin-2010","status":"publish","type":"product","link":"https:\/\/webshop.hitrecords.hr\/?product=porin-2010","title":{"rendered":"PORIN 2010."},"content":{"rendered":"<p>Popis pjesama:<br \/>\n1.\tKad \u017eena zavoli &#8211; Toni Cetinski<br \/>\n2.\tPelin i med &#8211; Dino Dvornik<br \/>\n3.\tIvona &#8211; Neno Belan &amp; Fiumens<br \/>\n4.\tKadenca &#8211; Tedi Spalato<br \/>\n5.\tVrijeme bri\u0161e istinu &#8211; Marko Tolja<br \/>\n6.\tAmigo &#8211; Arsen Dedi\u0107<br \/>\n7.\t\u017divim po svome &#8211; Josipa Lisac<br \/>\n8.\tIznad oblaka &#8211; Nola<br \/>\n9.\tNe govori mi da me zna\u0161 &#8211; Bojan Jambro\u0161i\u0107<br \/>\n10.\tSamo malo ljubavi &#8211; Kemal Monteno<br \/>\n11.\tDu\u017ena si &#8211; Jacques Houdek<br \/>\n12.\tArtemida &#8211; Let 3<br \/>\n13.\tMagnet\t &#8211; Urban &amp; 4<br \/>\n14.\tAs The Dark Wave Swells &#8211; The Bambi Molesters<br \/>\n15.\tPrijatelj\t &#8211; Detour<br \/>\n16.\tNe\u0107u vi\u0161e jazz kantati &#8211; Tamara Obrovac<br \/>\n17.\tRijeka bez povratka &#8211; Meri Cetini\u0107<br \/>\n18.\tPono\u0107 je, mila moja majko &#8211; Klapa \u0160ufit<br \/>\n19.\tUspomene &#8211; Ladislav Fidri<\/p>\n","protected":false},"excerpt":{"rendered":"<p>Popis pjesama: 1. Kad \u017eena zavoli &#8211; Toni Cetinski 2. Pelin i med &#8211; Dino Dvornik 3. Ivona &#8211; Neno Belan &amp; Fiumens 4. Kadenca &#8211; Tedi Spalato 5. Vrijeme bri\u0161e istinu &#8211; Marko Tolja 6. Amigo &#8211; Arsen Dedi\u0107 7. \u017divim po svome &#8211; Josipa Lisac 8. Iznad oblaka &#8211; Nola 9. Ne govori [&hellip;]<\/p>\n","protected":false},"featured_media":993,"comment_status":"open","ping_status":"closed","template":"","meta":[],"product_brand":[],"product_cat":[31],"product_tag":[],"class_list":{"0":"post-992","1":"product","2":"type-product","3":"status-publish","4":"has-post-thumbnail","6":"product_cat-cd","8":"first","9":"instock","10":"shipping-taxable","11":"purchasable","12":"product-type-simple"},"_links":{"self":[{"href":"https:\/\/webshop.hitrecords.hr\/index.php?rest_route=\/wp\/v2\/product\/992","targetHints":{"allow":["GET"]}}],"collection":[{"href":"https:\/\/webshop.hitrecords.hr\/index.php?rest_route=\/wp\/v2\/product"}],"about":[{"href":"https:\/\/webshop.hitrecords.hr\/index.php?rest_route=\/wp\/v2\/types\/product"}],"replies":[{"embeddable":true,"href":"https:\/\/webshop.hitrecords.hr\/index.php?rest_route=%2Fwp%2Fv2%2Fcomments&post=992"}],"wp:featuredmedia":[{"embeddable":true,"href":"https:\/\/webshop.hitrecords.hr\/index.php?rest_route=\/wp\/v2\/media\/993"}],"wp:attachment":[{"href":"https:\/\/webshop.hitrecords.hr\/index.php?rest_route=%2Fwp%2Fv2%2Fmedia&parent=992"}],"wp:term":[{"taxonomy":"product_brand","embeddable":true,"href":"https:\/\/webshop.hitrecords.hr\/index.php?rest_route=%2Fwp%2Fv2%2Fproduct_brand&post=992"},{"taxonomy":"product_cat","embeddable":true,"href":"https:\/\/webshop.hitrecords.hr\/index.php?rest_route=%2Fwp%2Fv2%2Fproduct_cat&post=992"},{"taxonomy":"product_tag","embeddable":true,"href":"https:\/\/webshop.hitrecords.hr\/index.php?rest_route=%2Fwp%2Fv2%2Fproduct_tag&post=992"}],"curies":[{"name":"wp","href":"https:\/\/api.w.org\/{rel}","templated":true}]}}