{"id":994,"date":"2026-02-01T14:41:01","date_gmt":"2026-02-01T13:41:01","guid":{"rendered":"http:\/\/hitrecords.digesthub.com\/proizvod\/nazovi-album-pravim-imenom\/"},"modified":"2026-02-01T14:41:01","modified_gmt":"2026-02-01T13:41:01","slug":"nazovi-album-pravim-imenom","status":"publish","type":"product","link":"https:\/\/webshop.hitrecords.hr\/?product=nazovi-album-pravim-imenom","title":{"rendered":"NAZOVI ALBUM PRAVIM IMENOM"},"content":{"rendered":"<p>Popis pjesama:<br \/>\n1.\tDolje ju\u017eno<br \/>\n2.\tNazovi stvari pravim imenom<br \/>\n3.\tGdje \u0107e\u0161 ti, a gdje \u0107u ja<br \/>\n4.\tHej<br \/>\n5.\tSunce<br \/>\n6.\tTakvi kao ti<br \/>\n7.\tZaljubljena<br \/>\n8.\tTrebam te kao nekada<br \/>\n9.\tTako su mi zvijezde sjale<br \/>\n10.\tMare i Marko<\/p>\n","protected":false},"excerpt":{"rendered":"<p>Popis pjesama: 1. Dolje ju\u017eno 2. Nazovi stvari pravim imenom 3. Gdje \u0107e\u0161 ti, a gdje \u0107u ja 4. Hej 5. Sunce 6. Takvi kao ti 7. Zaljubljena 8. Trebam te kao nekada 9. Tako su mi zvijezde sjale 10. Mare i Marko<\/p>\n","protected":false},"featured_media":996,"comment_status":"open","ping_status":"closed","template":"","meta":[],"product_brand":[],"product_cat":[31],"product_tag":[],"class_list":{"0":"post-994","1":"product","2":"type-product","3":"status-publish","4":"has-post-thumbnail","6":"product_cat-cd","8":"first","9":"instock","10":"shipping-taxable","11":"purchasable","12":"product-type-simple"},"_links":{"self":[{"href":"https:\/\/webshop.hitrecords.hr\/index.php?rest_route=\/wp\/v2\/product\/994","targetHints":{"allow":["GET"]}}],"collection":[{"href":"https:\/\/webshop.hitrecords.hr\/index.php?rest_route=\/wp\/v2\/product"}],"about":[{"href":"https:\/\/webshop.hitrecords.hr\/index.php?rest_route=\/wp\/v2\/types\/product"}],"replies":[{"embeddable":true,"href":"https:\/\/webshop.hitrecords.hr\/index.php?rest_route=%2Fwp%2Fv2%2Fcomments&post=994"}],"wp:featuredmedia":[{"embeddable":true,"href":"https:\/\/webshop.hitrecords.hr\/index.php?rest_route=\/wp\/v2\/media\/996"}],"wp:attachment":[{"href":"https:\/\/webshop.hitrecords.hr\/index.php?rest_route=%2Fwp%2Fv2%2Fmedia&parent=994"}],"wp:term":[{"taxonomy":"product_brand","embeddable":true,"href":"https:\/\/webshop.hitrecords.hr\/index.php?rest_route=%2Fwp%2Fv2%2Fproduct_brand&post=994"},{"taxonomy":"product_cat","embeddable":true,"href":"https:\/\/webshop.hitrecords.hr\/index.php?rest_route=%2Fwp%2Fv2%2Fproduct_cat&post=994"},{"taxonomy":"product_tag","embeddable":true,"href":"https:\/\/webshop.hitrecords.hr\/index.php?rest_route=%2Fwp%2Fv2%2Fproduct_tag&post=994"}],"curies":[{"name":"wp","href":"https:\/\/api.w.org\/{rel}","templated":true}]}}