{"id":997,"date":"2026-02-01T14:41:02","date_gmt":"2026-02-01T13:41:02","guid":{"rendered":"http:\/\/hitrecords.digesthub.com\/proizvod\/durda-habel-od-zagorja-do-slavonije\/"},"modified":"2026-02-01T14:41:02","modified_gmt":"2026-02-01T13:41:02","slug":"durda-habel-od-zagorja-do-slavonije","status":"publish","type":"product","link":"https:\/\/webshop.hitrecords.hr\/?product=durda-habel-od-zagorja-do-slavonije","title":{"rendered":"\u0110UR\u0110A HABEL &#8211; OD ZAGORJA DO SLAVONIJE"},"content":{"rendered":"<p>Popis pjesama: <\/p>\n<p>CD1<br \/>\n1. \u010cuje\u0161 li majko &#8211; Marta Nikolin<br \/>\n2. Ti si moj stih &#8211; D\u017eentlmeni<br \/>\n3. Golubek moj beli &#8211; Kajda<br \/>\n4. Sveta Djevo &#8211; Dra\u017een \u017danko<br \/>\n5. Moj angelek &#8211; Marina Toma\u0161evi\u0107<br \/>\n6. Sje\u0107anje &#8211; Gordana Ivanjek i Vlasta Knezovi\u0107<br \/>\n7. Ti si tajna &#8211; Rajko Suhodol\u010dan<br \/>\n8. Idu dani, lete godine &#8211; Melita Bru\u010di\u0107<br \/>\n9. Zagreb je to &#8211; Fakini<br \/>\n10. Sretna sam &#8211; Kristina Bla\u017einovi\u0107<br \/>\n11. Klaro, Klarice &#8211; TS Aduti<br \/>\n12. \u010cekam dolazak tvoj &#8211; Nikolina Hi\u017ear<br \/>\n13. Opium &#8211; Xlarge<br \/>\n14. Hej, tamburo &#8211; Andrija Kos i Zlatne \u017eice<br \/>\n15. Zagorje moje &#8211; TS Aduti<br \/>\n16. Prvo svitanje &#8211; Slavko Bla\u017einovi\u0107<\/p>\n<p>CD2<br \/>\n1.\tSje\u0107anje &#8211; Vlasta Knezovi\u0107<br \/>\n2.\t\u010cuje\u0161 li majko &#8211; Anja \u0160ovagovi\u0107<br \/>\n3.\tTi si moj stih &#8211; Vlasta Knezovi\u0107<br \/>\n4.\tJednom u \u017eivotu &#8211; Vid Balog<br \/>\n5.\tTi si tajna &#8211; Vid Balog<br \/>\n6.\tSretna sam &#8211; Anja \u0160ovagovi\u0107<br \/>\n7.\t\u010cekam dolazak tvoj &#8211; Anja \u0160ovagovi\u0107<br \/>\n8.\t\u017deno plava &#8211; Vid Balog<br \/>\n9.\tSedamnaest dana &#8211; Vlasta Knezovi\u0107<br \/>\n10.\tUvijek premalo &#8211; Anja \u0160ovagovi\u0107<br \/>\n11.\t\u0160umite vjetrovi\t &#8211; Vlasta Knezovi\u0107<br \/>\n12.\tSlatka navika &#8211; Anja \u0160ovagovi\u0107<br \/>\n13.\tLjubav je to &#8211; Vlasta Knezovi\u0107<br \/>\n14.\tOpium &#8211; \u0110ur\u0111a Habel<br \/>\n15.\tNedostaje\u0161 mi &#8211; Anja \u0160ovagovi\u0107<br \/>\n16.\tPjesma ljubavna &#8211; Anja \u0160ovagovi\u0107<br \/>\n17.\tSudbina &#8211; \u0110ur\u0111a Habel<br \/>\n18.\tKlarica &#8211; Mirko \u0160venda \u017diga<br \/>\n19.\tDaj se zbudi &#8211; Vid Balog<br \/>\n20.\tMoj angelek &#8211; Vid Balog<br \/>\n21.\tZagorje moje &#8211; Anja \u0160ovagovi\u0107<br \/>\n22.\tSlavonijo moja &#8211; Anja \u0160ovagovi\u0107<br \/>\n23.\tZagreb je to &#8211; Vid Balog<br \/>\n24.\tSveta djevo &#8211; Vid Balog<br \/>\n25.\tCrna djevo &#8211; Vlasta Knezovi\u0107<br \/>\n26.\tBo\u017ei\u0107 u Zagreb dolazi &#8211; Vlasta Knezovi\u0107<br \/>\n27.\tIdu dani, lete godine &#8211; Anja \u0160ovagovi\u0107<br \/>\n28.\tGolubek moj beli &#8211; \u0110ur\u0111a Habel<br \/>\n29.\tPrvo svitanje &#8211; \u0110ur\u0111a Habel<br \/>\n30.\tTi si sunce &#8211; \u0110ur\u0111a Habel<br \/>\n31.\tTopli dom &#8211; Mirko \u0160venda \u017diga<br \/>\n32.\tZnam &#8211; \u0110ur\u0111a Habel<br \/>\n33.\tProsula se ljubav &#8211; \u0110ur\u0111a Habel<br \/>\n34.\tHvala ti za ljubav &#8211; \u0110ur\u0111a Habel<br \/>\n35.\tTi si lijek &#8211; \u0110ur\u0111a Habel<br \/>\n36.\tDivlja rijeka &#8211; \u0110ur\u0111a Habel<\/p>\n","protected":false},"excerpt":{"rendered":"<p>Popis pjesama: CD1 1. \u010cuje\u0161 li majko &#8211; Marta Nikolin 2. Ti si moj stih &#8211; D\u017eentlmeni 3. Golubek moj beli &#8211; Kajda 4. Sveta Djevo &#8211; Dra\u017een \u017danko 5. Moj angelek &#8211; Marina Toma\u0161evi\u0107 6. Sje\u0107anje &#8211; Gordana Ivanjek i Vlasta Knezovi\u0107 7. Ti si tajna &#8211; Rajko Suhodol\u010dan 8. Idu dani, lete godine [&hellip;]<\/p>\n","protected":false},"featured_media":998,"comment_status":"open","ping_status":"closed","template":"","meta":[],"product_brand":[],"product_cat":[31],"product_tag":[],"class_list":{"0":"post-997","1":"product","2":"type-product","3":"status-publish","4":"has-post-thumbnail","6":"product_cat-cd","8":"first","9":"instock","10":"shipping-taxable","11":"purchasable","12":"product-type-simple"},"_links":{"self":[{"href":"https:\/\/webshop.hitrecords.hr\/index.php?rest_route=\/wp\/v2\/product\/997","targetHints":{"allow":["GET"]}}],"collection":[{"href":"https:\/\/webshop.hitrecords.hr\/index.php?rest_route=\/wp\/v2\/product"}],"about":[{"href":"https:\/\/webshop.hitrecords.hr\/index.php?rest_route=\/wp\/v2\/types\/product"}],"replies":[{"embeddable":true,"href":"https:\/\/webshop.hitrecords.hr\/index.php?rest_route=%2Fwp%2Fv2%2Fcomments&post=997"}],"wp:featuredmedia":[{"embeddable":true,"href":"https:\/\/webshop.hitrecords.hr\/index.php?rest_route=\/wp\/v2\/media\/998"}],"wp:attachment":[{"href":"https:\/\/webshop.hitrecords.hr\/index.php?rest_route=%2Fwp%2Fv2%2Fmedia&parent=997"}],"wp:term":[{"taxonomy":"product_brand","embeddable":true,"href":"https:\/\/webshop.hitrecords.hr\/index.php?rest_route=%2Fwp%2Fv2%2Fproduct_brand&post=997"},{"taxonomy":"product_cat","embeddable":true,"href":"https:\/\/webshop.hitrecords.hr\/index.php?rest_route=%2Fwp%2Fv2%2Fproduct_cat&post=997"},{"taxonomy":"product_tag","embeddable":true,"href":"https:\/\/webshop.hitrecords.hr\/index.php?rest_route=%2Fwp%2Fv2%2Fproduct_tag&post=997"}],"curies":[{"name":"wp","href":"https:\/\/api.w.org\/{rel}","templated":true}]}}