{"id":999,"date":"2026-02-01T14:41:02","date_gmt":"2026-02-01T13:41:02","guid":{"rendered":"http:\/\/hitrecords.digesthub.com\/proizvod\/top-hits-narodna\/"},"modified":"2026-02-01T14:41:02","modified_gmt":"2026-02-01T13:41:02","slug":"top-hits-narodna","status":"publish","type":"product","link":"https:\/\/webshop.hitrecords.hr\/?product=top-hits-narodna","title":{"rendered":"TOP HITS &#8211; NARODNA"},"content":{"rendered":"<p>Popis pjesama:<br \/>\n1.\tNesanica &#8211; To\u0161e Proeski<br \/>\n2.\t\u010cardak &#8211; Halid Be\u0161li\u0107<br \/>\n3.\tOtkad s tobom ne spavam &#8211; Neda Ukraden<br \/>\n4.\tStani mi na crtu\t &#8211; \u017deljko Samard\u017ei\u0107<br \/>\n5.\tLopov &#8211; Alen Islamovi\u0107<br \/>\n6.\tSvjedok &#8211; Ivan Zak<br \/>\n7.\tNeka meni nas &#8211; Sarr-e-Roma<br \/>\n8.\tJablan &#8211; Mate Buli\u0107<br \/>\n9.\tSve je imao samo tebe ne &#8211; Enes Begovi\u0107<br \/>\n10.\tRamo, Ramo &#8211; Keze<br \/>\n11.\tNa\u0161a ljubav od svega je ja\u010da &#8211; Leo<br \/>\n12.\tJavor &#8211; Zorica Andrija\u0161evi\u0107<br \/>\n13.\tMoja ili ni\u010dija &#8211; Naum Petreski<br \/>\n14.\tJesen sti\u017ee dunjo moja &#8211; Blanka Do\u0161en<br \/>\n15.\t\u017dena je \u017eena &#8211; Ibrahim Jukan<\/p>\n","protected":false},"excerpt":{"rendered":"<p>Popis pjesama: 1. Nesanica &#8211; To\u0161e Proeski 2. \u010cardak &#8211; Halid Be\u0161li\u0107 3. Otkad s tobom ne spavam &#8211; Neda Ukraden 4. Stani mi na crtu &#8211; \u017deljko Samard\u017ei\u0107 5. Lopov &#8211; Alen Islamovi\u0107 6. Svjedok &#8211; Ivan Zak 7. Neka meni nas &#8211; Sarr-e-Roma 8. Jablan &#8211; Mate Buli\u0107 9. Sve je imao samo [&hellip;]<\/p>\n","protected":false},"featured_media":1000,"comment_status":"open","ping_status":"closed","template":"","meta":[],"product_brand":[],"product_cat":[31],"product_tag":[],"class_list":{"0":"post-999","1":"product","2":"type-product","3":"status-publish","4":"has-post-thumbnail","6":"product_cat-cd","8":"first","9":"instock","10":"shipping-taxable","11":"purchasable","12":"product-type-simple"},"_links":{"self":[{"href":"https:\/\/webshop.hitrecords.hr\/index.php?rest_route=\/wp\/v2\/product\/999","targetHints":{"allow":["GET"]}}],"collection":[{"href":"https:\/\/webshop.hitrecords.hr\/index.php?rest_route=\/wp\/v2\/product"}],"about":[{"href":"https:\/\/webshop.hitrecords.hr\/index.php?rest_route=\/wp\/v2\/types\/product"}],"replies":[{"embeddable":true,"href":"https:\/\/webshop.hitrecords.hr\/index.php?rest_route=%2Fwp%2Fv2%2Fcomments&post=999"}],"wp:featuredmedia":[{"embeddable":true,"href":"https:\/\/webshop.hitrecords.hr\/index.php?rest_route=\/wp\/v2\/media\/1000"}],"wp:attachment":[{"href":"https:\/\/webshop.hitrecords.hr\/index.php?rest_route=%2Fwp%2Fv2%2Fmedia&parent=999"}],"wp:term":[{"taxonomy":"product_brand","embeddable":true,"href":"https:\/\/webshop.hitrecords.hr\/index.php?rest_route=%2Fwp%2Fv2%2Fproduct_brand&post=999"},{"taxonomy":"product_cat","embeddable":true,"href":"https:\/\/webshop.hitrecords.hr\/index.php?rest_route=%2Fwp%2Fv2%2Fproduct_cat&post=999"},{"taxonomy":"product_tag","embeddable":true,"href":"https:\/\/webshop.hitrecords.hr\/index.php?rest_route=%2Fwp%2Fv2%2Fproduct_tag&post=999"}],"curies":[{"name":"wp","href":"https:\/\/api.w.org\/{rel}","templated":true}]}}